{"id":15,"date":"2021-04-10T11:43:48","date_gmt":"2021-04-10T11:43:48","guid":{"rendered":"http:\/\/www.lundhjemmesider-udvikling.dk\/martinchristensen\/?page_id=15"},"modified":"2026-04-09T19:20:07","modified_gmt":"2026-04-09T19:20:07","slug":"koncertkalender","status":"publish","type":"page","link":"https:\/\/tusgaard.dk\/?page_id=15","title":{"rendered":"Koncertkalender"},"content":{"rendered":"<p>[vc_row padding_top_multiplier=&#8221;2x&#8221; padding_bottom_multiplier=&#8221;2x&#8221; columns_gap=&#8221;60&#8243;][vc_column width=&#8221;1\/3&#8243;]<div class=\"grve-element grve-title grve-align-left grve-small-text\" style=\"margin-bottom: 12px;\"><span><br>\n<h6><span style=\"color: #bf2c1b; font-size: 14pt;\">Fredag den 27. marts kl. 22:00-02:00<\/span><\/h6>\n<\/span><\/div><h3 class=\"grve-element grve-title grve-align-left grve-h4\" style=\"\"><span>Solo p\u00e5 Old English Pub, Vesterbrogade 2B, 1620 K\u00f8benhavn V<\/span><\/h3>[vc_column_text]Jeg spiller Solo p\u00e5 Old English Pub i aften. Et hyggeligt og klassisk spillested i centrum af K\u00f8benhavn.[\/vc_column_text][\/vc_column][vc_column width=&#8221;1\/3&#8243;]<div class=\"grve-element grve-title grve-align-left grve-small-text\" style=\"margin-bottom: 12px;\"><span><br>\n<h6><span style=\"color: #bf2c1b; font-size: 14pt;\">L\u00f8rdag den 28. marts kl. 18:30-23:30<\/span><\/h6>\n<\/span><\/div><h3 class=\"grve-element grve-title grve-align-left grve-h4\" style=\"\"><span>Solo i H\u00f8kassen p\u00e5 Dyrehavsbakken lige ved siden af Kaffestuen og ned til \u00d8lgod<\/span><\/h3>[vc_column_text]S\u00e6sonen p\u00e5 Bakken er g\u00e5et i gang, og jeg spiller en god blanding af dansk, engelsk, irsk og amerikansk folkrock og klassikere. H\u00f8kassen og cafeen Kaffestuen er et sammensat sted med terrasse udenfor og bar indenfor i H\u00f8kassen og lige ved siden af serveres kaffe og diverse kager. Et godt sted at feste og synge med p\u00e5 alle de gode klassikere, n\u00e5r jeg spiller op til hygge og fest :-)[\/vc_column_text][\/vc_column][vc_column width=&#8221;1\/3&#8243;]<div class=\"grve-element grve-title grve-align-left grve-small-text\" style=\"margin-bottom: 12px;\"><span><br>\n<h6><span style=\"color: #bf2c1b; font-size: 14pt;\">Fredag d. 3. april kl. 18:30-23:30<\/span><\/h6>\n<\/span><\/div><h3 class=\"grve-element grve-title grve-align-left grve-h4\" style=\"\"><span>Solo i H\u00f8kassen p\u00e5 Dyrehavsbakken lige ved siden af Kaffestuen og i n\u00e6rheden af \u00d8lgod<\/span><\/h3>[vc_column_text]S\u00e6sonen p\u00e5 Bakken er g\u00e5et i gang, og jeg spiller en god blanding af dansk, engelsk, irsk og amerikansk folkrock og klassikere. H\u00f8kassen og cafeen Kaffestuen er et sammensat sted med terrasse udenfor og bar indenfor i H\u00f8kassen og lige ved siden af serveres kaffe og diverse kager. Et godt sted at feste og synge med p\u00e5 alle de gode klassikere, n\u00e5r jeg spiller op til hygge og fest :-)[\/vc_column_text][\/vc_column][\/vc_row][vc_row padding_top_multiplier=&#8221;2x&#8221; padding_bottom_multiplier=&#8221;2x&#8221; columns_gap=&#8221;60&#8243;][vc_column width=&#8221;1\/3&#8243;]<div class=\"grve-element grve-title grve-align-left grve-small-text\" style=\"margin-bottom: 12px;\"><span><br>\n<h6><span style=\"color: #bf2c1b; font-size: 14pt;\">L\u00f8rdag den 4. april 18:30-23:30<\/span><\/h6>\n<\/span><\/div><h3 class=\"grve-element grve-title grve-align-left grve-h4\" style=\"\"><span>Solo i H\u00f8kassen p\u00e5 Bakken<\/span><\/h3>[vc_column_text]I H\u00f8kassen spiller jeg en god blanding af dansk, engelsk, irsk og amerikansk folkrock og klassikere. Og selvf\u00f8lgelig ogs\u00e5 egne numre. H\u00f8kassen er et godt sted at feste og synge med p\u00e5 alle de gode klassikere, n\u00e5r jeg spiller op til hygge og fest :-)[\/vc_column_text][\/vc_column][vc_column width=&#8221;1\/3&#8243;]<div class=\"grve-element grve-title grve-align-left grve-small-text\" style=\"margin-bottom: 12px;\"><span><br>\n<h6><span style=\"color: #bf2c1b; font-size: 14pt;\">Fredag d. 10. april kl. 21:30-01:30<\/span><\/h6>\n<\/span><\/div><h3 class=\"grve-element grve-title grve-align-left grve-h4\" style=\"\"><span>Solo p\u00e5 Barrock i Nyhavn 1, K\u00f8benhavn<\/span><\/h3>[vc_column_text]Barrock i Nyhavn har \u00e5bnet for livemusikken, da sommeren n\u00e6rmer sig. Jeg spiller prim\u00e6rt engelsk, irsk og amerikansk folkrock og klassikere, men der dukker ogs\u00e5 danske sange op p\u00e5 s\u00e6tlisten, hvis der skulle v\u00e6re stemning for det.[\/vc_column_text][\/vc_column][vc_column width=&#8221;1\/3&#8243;]<div class=\"grve-element grve-title grve-align-left grve-small-text\" style=\"margin-bottom: 12px;\"><span><br>\n<h6><span style=\"color: #bf2c1b; font-size: 14pt;\">L\u00f8rdag d. 11. april kl. 21:30-01:30<\/span><\/h6>\n<\/span><\/div><h3 class=\"grve-element grve-title grve-align-left grve-h4\" style=\"\"><span>Solo p\u00e5 Barrock i Nyhavn 1, K\u00f8benhavn<\/span><\/h3>[vc_column_text]Barrock i Nyhavn har \u00e5bnet for livemusikken, da sommeren n\u00e6rmer sig. Jeg spiller prim\u00e6rt engelsk, irsk og amerikansk folkrock og klassikere, men der dukker ogs\u00e5 danske sange op p\u00e5 s\u00e6tlisten, hvis der skulle v\u00e6re stemning for det.[\/vc_column_text][\/vc_column][\/vc_row][vc_row padding_top_multiplier=&#8221;2x&#8221; padding_bottom_multiplier=&#8221;2x&#8221; columns_gap=&#8221;60&#8243;][vc_column width=&#8221;1\/3&#8243;]<div class=\"grve-element grve-title grve-align-left grve-small-text\" style=\"margin-bottom: 12px;\"><span><br>\n<h6><span style=\"color: #bf2c1b; font-size: 14pt;\">L\u00f8rdag den 25. april 20:00-00:00<\/span><\/h6>\n<\/span><\/div><h3 class=\"grve-element grve-title grve-align-left grve-h4\" style=\"\"><span>Privatjob i F\u00e5borg<\/span><\/h3>[vc_column_text][\/vc_column_text][\/vc_column][vc_column width=&#8221;1\/3&#8243;]<div class=\"grve-element grve-title grve-align-left grve-small-text\" style=\"margin-bottom: 12px;\"><span><br>\n<h6><span style=\"color: #bf2c1b; font-size: 14pt;\">Fredag d. 1. maj kl. 18:30-23:30<\/span><\/h6>\n<\/span><\/div><h3 class=\"grve-element grve-title grve-align-left grve-h4\" style=\"\"><span>Solo i H\u00f8kassen p\u00e5 Dyrehavsbakken<\/span><\/h3>[vc_column_text]I H\u00f8kassen spiller jeg en god blanding af dansk, engelsk, irsk og amerikansk folkrock og klassikere. Og selvf\u00f8lgelig ogs\u00e5 egne numre. H\u00f8kassen er et godt sted at feste og synge med p\u00e5 alle de gode klassikere, n\u00e5r jeg spiller op til hygge og fest :-)[\/vc_column_text][\/vc_column][vc_column width=&#8221;1\/3&#8243;]<div class=\"grve-element grve-title grve-align-left grve-small-text\" style=\"margin-bottom: 12px;\"><span><br>\n<h6><span style=\"color: #bf2c1b; font-size: 14pt;\">L\u00f8rdag d. 2. maj kl. 18:30-23:30<\/span><\/h6>\n<\/span><\/div><h3 class=\"grve-element grve-title grve-align-left grve-h4\" style=\"\"><span>Solo i H\u00f8kassen p\u00e5 Dyrehavsbakken<\/span><\/h3>[vc_column_text]Jeg spiller solo med en god blanding af egne numre og dansk, engelsk, irsk og amerikansk folkrock og klassikere[\/vc_column_text][\/vc_column][\/vc_row][vc_row padding_top_multiplier=&#8221;2x&#8221; padding_bottom_multiplier=&#8221;2x&#8221; columns_gap=&#8221;60&#8243;][vc_column width=&#8221;1\/3&#8243;]<div class=\"grve-element grve-title grve-align-left grve-small-text\" style=\"margin-bottom: 12px;\"><span><br>\n<h6><span style=\"color: #bf2c1b; font-size: 14pt;\">Torsdag den 7. maj 20:30-00:30<\/span><\/h6>\n<\/span><\/div><h3 class=\"grve-element grve-title grve-align-left grve-h4\" style=\"\"><span><br>\nSolo Old English Pub i K\u00f8benhavn<\/span><\/h3>[vc_column_text]Old English Pub har livemusik alle dag. Jeg spiller op til weekenden med et enkelt torsdagsjob \ud83d\ude42<\/p>\n<p>[\/vc_column_text][\/vc_column][vc_column width=&#8221;1\/3&#8243;]<div class=\"grve-element grve-title grve-align-left grve-small-text\" style=\"margin-bottom: 12px;\"><span><br>\n<h6><span style=\"color: #bf2c1b; font-size: 14pt;\">Fredag d. 8. maj kl. 21:30-01:30<\/span><\/h6>\n<\/span><\/div><h3 class=\"grve-element grve-title grve-align-left grve-h4\" style=\"\"><span>Solo p\u00e5 Barrock i Nyhavn 1, K\u00f8benhavn<\/span><\/h3>[vc_column_text]Barrock i Nyhavn spiller jeg prim\u00e6rt engelsk, irsk og amerikansk folkrock og klassikere, men der dukker ogs\u00e5 danske sange op p\u00e5 s\u00e6tlisten, hvis der skulle v\u00e6re stemning for det.[\/vc_column_text][\/vc_column][vc_column width=&#8221;1\/3&#8243;]<div class=\"grve-element grve-title grve-align-left grve-small-text\" style=\"margin-bottom: 12px;\"><span><br>\n<h6><span style=\"color: #bf2c1b; font-size: 14pt;\">L\u00f8rdag d. 9. maj kl. 21:30-01:30<\/span><\/h6>\n<\/span><\/div><h3 class=\"grve-element grve-title grve-align-left grve-h4\" style=\"\"><span>Solo p\u00e5 Barrock i Nyhavn 1, K\u00f8benhavn<\/span><\/h3>[vc_column_text]Barrock i Nyhavn spiller jeg prim\u00e6rt engelsk, irsk og amerikansk folkrock og klassikere, men der dukker ogs\u00e5 danske sange op p\u00e5 s\u00e6tlisten, hvis der skulle v\u00e6re stemning for det.[\/vc_column_text][\/vc_column][\/vc_row][vc_row padding_top_multiplier=&#8221;2x&#8221; padding_bottom_multiplier=&#8221;2x&#8221; columns_gap=&#8221;60&#8243;][vc_column width=&#8221;1\/3&#8243;]<div class=\"grve-element grve-title grve-align-left grve-small-text\" style=\"margin-bottom: 12px;\"><span><br>\n<h6><span style=\"color: #bf2c1b; font-size: 14pt;\">Torsdag den 14. maj 20:30-00:30<\/span><\/h6>\n<\/span><\/div><h3 class=\"grve-element grve-title grve-align-left grve-h4\" style=\"\"><span><br>\nSolo Old English Pub i K\u00f8benhavn<\/span><\/h3>[vc_column_text]Old English Pub har livemusik alle dag. Jeg spiller op til weekenden med et enkelt torsdagsjob \ud83d\ude42<\/p>\n<p>[\/vc_column_text][\/vc_column][vc_column width=&#8221;1\/3&#8243;]<div class=\"grve-element grve-title grve-align-left grve-small-text\" style=\"margin-bottom: 12px;\"><span><br>\n<h6><span style=\"color: #bf2c1b; font-size: 14pt;\">Fredag d. 15. maj kl. 18:30-23:30<\/span><\/h6>\n<\/span><\/div><h3 class=\"grve-element grve-title grve-align-left grve-h4\" style=\"\"><span>Solo i H\u00f8kassen p\u00e5 Dyrehavsbakken<\/span><\/h3>[vc_column_text]I H\u00f8kassen spiller jeg en god blanding af dansk, engelsk, irsk og amerikansk folkrock og klassikere. Og selvf\u00f8lgelig ogs\u00e5 egne numre. H\u00f8kassen er et godt sted at feste og synge med p\u00e5 alle de gode klassikere, n\u00e5r jeg spiller op til hygge og fest :-)[\/vc_column_text][\/vc_column][vc_column width=&#8221;1\/3&#8243;]<div class=\"grve-element grve-title grve-align-left grve-small-text\" style=\"margin-bottom: 12px;\"><span><br>\n<h6><span style=\"color: #bf2c1b; font-size: 14pt;\">L\u00f8rdag d. 16. maj kl. 18:30-23:30<\/span><\/h6>\n<\/span><\/div><h3 class=\"grve-element grve-title grve-align-left grve-h4\" style=\"\"><span>Solo i H\u00f8kassen p\u00e5 Dyrehavsbakken<\/span><\/h3>[vc_column_text]I H\u00f8kassen spiller jeg en god blanding af dansk, engelsk, irsk og amerikansk folkrock og klassikere. Og selvf\u00f8lgelig ogs\u00e5 egne numre. H\u00f8kassen er et godt sted at feste og synge med p\u00e5 alle de gode klassikere, n\u00e5r jeg spiller op til hygge og fest :-)[\/vc_column_text][\/vc_column][\/vc_row][vc_row padding_top_multiplier=&#8221;2x&#8221; padding_bottom_multiplier=&#8221;2x&#8221; columns_gap=&#8221;60&#8243;][vc_column width=&#8221;1\/3&#8243;]<div class=\"grve-element grve-title grve-align-left grve-small-text\" style=\"margin-bottom: 12px;\"><span><br>\n<h6><span style=\"color: #bf2c1b; font-size: 14pt;\">Fredag den 22. maj 18:30-23:30<\/span><\/h6>\n<\/span><\/div><h3 class=\"grve-element grve-title grve-align-left grve-h4\" style=\"\"><span>Solo i H\u00f8kassen p\u00e5 Dyrehavsbakken<\/span><\/h3>[vc_column_text]I H\u00f8kassen spiller jeg en god blanding af dansk, engelsk, irsk og amerikansk folkrock og klassikere. Og selvf\u00f8lgelig ogs\u00e5 egne numre. H\u00f8kassen er et godt sted at feste og synge med p\u00e5 alle de gode klassikere, n\u00e5r jeg spiller op til hygge og fest :-)[\/vc_column_text][\/vc_column][vc_column width=&#8221;1\/3&#8243;]<div class=\"grve-element grve-title grve-align-left grve-small-text\" style=\"margin-bottom: 12px;\"><span><br>\n<h6><span style=\"color: #bf2c1b; font-size: 14pt;\">L\u00f8rdag d. 23. maj kl. 18:30-23:30<\/span><\/h6>\n<\/span><\/div><h3 class=\"grve-element grve-title grve-align-left grve-h4\" style=\"\"><span>Solo i H\u00f8kassen p\u00e5 Dyrehavsbakken<\/span><\/h3>[vc_column_text]I H\u00f8kassen spiller jeg en god blanding af dansk, engelsk, irsk og amerikansk folkrock og klassikere. Og selvf\u00f8lgelig ogs\u00e5 egne numre. H\u00f8kassen er et godt sted at feste og synge med p\u00e5 alle de gode klassikere, n\u00e5r jeg spiller op til hygge og fest :-)[\/vc_column_text][\/vc_column][vc_column width=&#8221;1\/3&#8243;]<div class=\"grve-element grve-title grve-align-left grve-small-text\" style=\"margin-bottom: 12px;\"><span><br>\n<h6><span style=\"color: #bf2c1b; font-size: 14pt;\">Fredag d. 5. juni kl. 18:30-23:30<\/span><\/h6>\n<\/span><\/div><h3 class=\"grve-element grve-title grve-align-left grve-h4\" style=\"\"><span>Solo i H\u00f8kassen p\u00e5 Dyrehavsbakken<\/span><\/h3>[vc_column_text]I H\u00f8kassen spiller jeg en god blanding af dansk, engelsk, irsk og amerikansk folkrock og klassikere. Og selvf\u00f8lgelig ogs\u00e5 egne numre. H\u00f8kassen er et godt sted at feste og synge med p\u00e5 alle de gode klassikere, n\u00e5r jeg spiller op til hygge og fest :-)[\/vc_column_text][\/vc_column][\/vc_row]<\/p>\n","protected":false},"excerpt":{"rendered":"<p>[vc_row padding_top_multiplier=&#8221;2x&#8221; padding_bottom_multiplier=&#8221;2x&#8221; columns_gap=&#8221;60&#8243;][vc_column width=&#8221;1\/3&#8243;][vc_column_text]Jeg spiller Solo p\u00e5 Old English Pub i aften. Et hyggeligt og klassisk spillested i centrum af K\u00f8benhavn.[\/vc_column_text][\/vc_column][vc_column width=&#8221;1\/3&#8243;][vc_column_text]S\u00e6sonen p\u00e5 Bakken er g\u00e5et i gang, og jeg spiller en god blanding af dansk, engelsk, irsk og amerikansk folkrock og klassikere. H\u00f8kassen og cafeen Kaffestuen er et sammensat sted med terrasse udenfor [&hellip;]<\/p>\n","protected":false},"author":1,"featured_media":12,"parent":0,"menu_order":0,"comment_status":"closed","ping_status":"closed","template":"","meta":{"footnotes":""},"class_list":["post-15","page","type-page","status-publish","has-post-thumbnail","hentry"],"_links":{"self":[{"href":"https:\/\/tusgaard.dk\/index.php?rest_route=\/wp\/v2\/pages\/15","targetHints":{"allow":["GET"]}}],"collection":[{"href":"https:\/\/tusgaard.dk\/index.php?rest_route=\/wp\/v2\/pages"}],"about":[{"href":"https:\/\/tusgaard.dk\/index.php?rest_route=\/wp\/v2\/types\/page"}],"author":[{"embeddable":true,"href":"https:\/\/tusgaard.dk\/index.php?rest_route=\/wp\/v2\/users\/1"}],"replies":[{"embeddable":true,"href":"https:\/\/tusgaard.dk\/index.php?rest_route=%2Fwp%2Fv2%2Fcomments&post=15"}],"version-history":[{"count":49,"href":"https:\/\/tusgaard.dk\/index.php?rest_route=\/wp\/v2\/pages\/15\/revisions"}],"predecessor-version":[{"id":2575,"href":"https:\/\/tusgaard.dk\/index.php?rest_route=\/wp\/v2\/pages\/15\/revisions\/2575"}],"wp:featuredmedia":[{"embeddable":true,"href":"https:\/\/tusgaard.dk\/index.php?rest_route=\/wp\/v2\/media\/12"}],"wp:attachment":[{"href":"https:\/\/tusgaard.dk\/index.php?rest_route=%2Fwp%2Fv2%2Fmedia&parent=15"}],"curies":[{"name":"wp","href":"https:\/\/api.w.org\/{rel}","templated":true}]}}