{"id":222,"date":"2021-05-07T12:54:46","date_gmt":"2021-05-07T12:54:46","guid":{"rendered":"http:\/\/tusgaard.dk\/?page_id=222"},"modified":"2021-05-07T15:05:31","modified_gmt":"2021-05-07T15:05:31","slug":"musik-til-festen","status":"publish","type":"page","link":"https:\/\/tusgaard.dk\/?page_id=222","title":{"rendered":"Musik til festen"},"content":{"rendered":"<p>[vc_row][vc_column][vc_column_text]Har du brug for musik til festen? Jeg har stor erfaring med at spille til alle mulige forskellige slags arrangementer, lige fra at spille under middagen til bryllup, e.v.t. klassisk instrumentalmusik eller stille sange, til st\u00f8rre fest-arrangementer med akustisk solo, duo eller trio. Men jeg kan ogs\u00e5 samle et band og spille op til dans, hvis det skulle v\u00e6re n\u00f8dvendigt for at fuldende en fest. Du kan h\u00f8re lyd- og videoklip med mig solo, som duo eller trio og band b\u00e5de live- og studieoptagelser under menuen &#8220;Billeder og video&#8221; her p\u00e5 min hjemmeside. Du kan ogs\u00e5 finde disse optagelser p\u00e5 min YouTube-kanal, der hedder &#8220;Martin Tusgaard&#8221;.\u00a0 Genrem\u00e6ssigt sp\u00e6nder mit repertoire vidt lige fra amerikansk, engelsk, irsk &amp; dansk folkrock og klassikere. Derudover spiller jeg ogs\u00e5 gerne min egen musik, hvis der er stemning for dette.[\/vc_column_text][\/vc_column][\/vc_row]<\/p>\n","protected":false},"excerpt":{"rendered":"<p>[vc_row][vc_column][vc_column_text]Har du brug for musik til festen? Jeg har stor erfaring med at spille til alle mulige forskellige slags arrangementer, lige fra at spille under middagen til bryllup, e.v.t. klassisk instrumentalmusik eller stille sange, til st\u00f8rre fest-arrangementer med akustisk solo, duo eller trio. Men jeg kan ogs\u00e5 samle et band og spille op til dans, [&hellip;]<\/p>\n","protected":false},"author":1,"featured_media":228,"parent":0,"menu_order":0,"comment_status":"closed","ping_status":"open","template":"","meta":{"footnotes":""},"class_list":["post-222","page","type-page","status-publish","has-post-thumbnail","hentry"],"_links":{"self":[{"href":"https:\/\/tusgaard.dk\/index.php?rest_route=\/wp\/v2\/pages\/222","targetHints":{"allow":["GET"]}}],"collection":[{"href":"https:\/\/tusgaard.dk\/index.php?rest_route=\/wp\/v2\/pages"}],"about":[{"href":"https:\/\/tusgaard.dk\/index.php?rest_route=\/wp\/v2\/types\/page"}],"author":[{"embeddable":true,"href":"https:\/\/tusgaard.dk\/index.php?rest_route=\/wp\/v2\/users\/1"}],"replies":[{"embeddable":true,"href":"https:\/\/tusgaard.dk\/index.php?rest_route=%2Fwp%2Fv2%2Fcomments&post=222"}],"version-history":[{"count":4,"href":"https:\/\/tusgaard.dk\/index.php?rest_route=\/wp\/v2\/pages\/222\/revisions"}],"predecessor-version":[{"id":230,"href":"https:\/\/tusgaard.dk\/index.php?rest_route=\/wp\/v2\/pages\/222\/revisions\/230"}],"wp:featuredmedia":[{"embeddable":true,"href":"https:\/\/tusgaard.dk\/index.php?rest_route=\/wp\/v2\/media\/228"}],"wp:attachment":[{"href":"https:\/\/tusgaard.dk\/index.php?rest_route=%2Fwp%2Fv2%2Fmedia&parent=222"}],"curies":[{"name":"wp","href":"https:\/\/api.w.org\/{rel}","templated":true}]}}