{"id":23,"date":"2021-04-10T11:44:37","date_gmt":"2021-04-10T11:44:37","guid":{"rendered":"https:\/\/tusgaard.dk\/?p=23"},"modified":"2026-02-03T13:21:50","modified_gmt":"2026-02-03T13:21:50","slug":"lyrik","status":"publish","type":"page","link":"https:\/\/tusgaard.dk\/?page_id=23","title":{"rendered":"Lyrik"},"content":{"rendered":"<p>[vc_row padding_bottom_multiplier=&#8221;&#8221;][vc_column]<h3 class=\"grve-element grve-title grve-align-left grve-h2\" style=\"\"><span>Lyrik og sangtekster<span class=\"grve-title-line grve-bg-primary-1\" style=\"width: 50px;height: 2px;\"><\/span><\/span><\/h3>[\/vc_column][\/vc_row][vc_row][vc_column width=&#8221;1\/2&#8243;][vc_column_text]Her er samlet udvalgte digte skrevet gennem \u00e5rene. Derudover kommer der ogs\u00e5 til at ligge flere af mine egne sangtekster; b\u00e5de de danske og de engelske.[\/vc_column_text][\/vc_column][vc_column width=&#8221;1\/2&#8243;][vc_tta_accordion active_section=&#8221;f&#8221; accordion_style=&#8221;style-2&#8243; heading=&#8221;h5&#8243;][vc_tta_section title=&#8221;Tekster til Dr\u00f8mmesvinger &#8221; tab_id=&#8221;1769962817833-d8008208-14aa&#8221;][vc_column_text]<a href=\"http:\/\/tusgaard.dk\/wp-content\/uploads\/2026\/02\/1.-Droemmesvinger.pdf\">Dr\u00f8mmesvinger<\/a><br \/>\n<a href=\"http:\/\/tusgaard.dk\/wp-content\/uploads\/2026\/02\/2.-Min-stille-Immanuel.pdf\">Min stille Immanuel<\/a><br \/>\n<a href=\"http:\/\/tusgaard.dk\/wp-content\/uploads\/2026\/02\/3.-Mine-droemmes-ocean.pdf\">Mine dr\u00f8mmes ocean<\/a><br \/>\n<a href=\"http:\/\/tusgaard.dk\/wp-content\/uploads\/2026\/02\/4.-Ikke-flerer-job.pdf\">Ikke flere job<\/a><br \/>\n<a href=\"http:\/\/tusgaard.dk\/wp-content\/uploads\/2026\/02\/5.-Vejen-tilbage.pdf\">Vejen tilbage<\/a><br \/>\n<a href=\"http:\/\/tusgaard.dk\/wp-content\/uploads\/2026\/02\/6.-En-sang-til-dig.pdf\">En sang til dig<\/a><br \/>\n<a href=\"http:\/\/tusgaard.dk\/wp-content\/uploads\/2026\/02\/7.-Femten-a\u030ar.pdf\">Femten a\u030ar<\/a><br \/>\n<a href=\"http:\/\/tusgaard.dk\/wp-content\/uploads\/2026\/02\/8.-Na\u030ar-solen-sta\u030ar-op.pdf\">Na\u030ar solen sta\u030ar op<\/a><br \/>\n<a href=\"http:\/\/tusgaard.dk\/wp-content\/uploads\/2026\/02\/9.-Hvis-du-var-her.pdf\">Hvis du var her<\/a><br \/>\n<a href=\"http:\/\/tusgaard.dk\/wp-content\/uploads\/2026\/02\/10.-Goodbye.pdf\">Goodbye<\/a>[\/vc_column_text][\/vc_tta_section][vc_tta_section title=&#8221;Digte&#8221; tab_id=&#8221;1618845615772-ead0e9ca-926c&#8221;][vc_column_text]<strong>2022<\/strong><br \/>\n<a href=\"https:\/\/tusgaard.dk\/wp-content\/uploads\/2022\/09\/23.-august.-En-gammel-nyhed.pdf\" target=\"_blank\" rel=\"noopener\">En gammel nyhed, 23. august<\/a><br \/>\n<a href=\"https:\/\/tusgaard.dk\/wp-content\/uploads\/2022\/09\/20.-august.-Lige-netop-nu-og-her.pdf\" target=\"_blank\" rel=\"noopener\">Lige netop nu og her, 20. august<\/a><br \/>\n<strong>2021<\/strong><br \/>\n<a href=\"https:\/\/tusgaard.dk\/wp-content\/uploads\/2022\/09\/15.-oktober.-Foer-vi-ved-af-det.pdf\">F\u00f8r vi ved af det, 15. oktober<\/a><br \/>\n<a href=\"https:\/\/tusgaard.dk\/wp-content\/uploads\/2022\/09\/31.-juli.-Skoven-er-her.pdf\" target=\"_blank\" rel=\"noopener\">Skoven er her, 31. juli<\/a><br \/>\n<a href=\"https:\/\/tusgaard.dk\/wp-content\/uploads\/2022\/09\/1.-juni.-Det-er-laenge-siden.pdf\" target=\"_blank\" rel=\"noopener\">Det er l\u00e6nge siden, 1. juni<\/a><br \/>\n<a href=\"https:\/\/tusgaard.dk\/wp-content\/uploads\/2022\/09\/15.-maj.-Altid-mere.pdf\" target=\"_blank\" rel=\"noopener\">Altid mere, 15. maj<\/a><br \/>\n<a href=\"https:\/\/tusgaard.dk\/wp-content\/uploads\/2022\/09\/8.-maj.-Er-tilstede.pdf\" target=\"_blank\" rel=\"noopener\">Er tilstede, 8. maj<\/a><\/p>\n<p><strong>2020<\/strong><br \/>\n<a href=\"http:\/\/tusgaard.dk\/wp-content\/uploads\/2021\/05\/06.06.2020.Til-min-bror.pdf\" target=\"_blank\" rel=\"noopener\">Til min bror, 06.06.2020<\/a><br \/>\n<strong><a href=\"http:\/\/tusgaard.dk\/wp-content\/uploads\/2021\/04\/05.06.2020.Sender-en-melodi-afsted.pdf\" target=\"_blank\" rel=\"noopener\">Sender en melodi afsted, 05.06.2020<\/a><\/strong><br \/>\n<strong><a href=\"https:\/\/tusgaard.dk\/wp-content\/uploads\/\/2021\/04\/03.18.2020.Isolation-i-hjertet.pdf\" target=\"_blank\" rel=\"noopener\">Isolation i hjertet, 03.18.2020<\/a><\/strong><br \/>\n<strong><a href=\"http:\/\/tusgaard.dk\/wp-content\/uploads\/2021\/05\/01.09.2020.Miljoedigtet.pdf\">Milj\u00f8digtet, 01.09.2020<\/a><\/strong><\/p>\n<p><strong>2019<\/strong><br \/>\n<a href=\"http:\/\/tusgaard.dk\/wp-content\/uploads\/2021\/05\/09.14.2019.Sommerhuse.pdf\" target=\"_blank\" rel=\"noopener\">Sommerhuse, 09.14.2019<\/a><br \/>\n<a href=\"http:\/\/tusgaard.dk\/wp-content\/uploads\/2021\/05\/10.15.2019.Familie.pdf\" target=\"_blank\" rel=\"noopener\">Familie, 10.15.2019<\/a><br \/>\n<a href=\"http:\/\/tusgaard.dk\/wp-content\/uploads\/2021\/04\/10.24.2019.Turister.pdf\" target=\"_blank\" rel=\"noopener\">Turister, 10.24.2019<\/a><br \/>\n<a href=\"http:\/\/tusgaard.dk\/wp-content\/uploads\/2021\/04\/11.02.2019.Troubadurernes-aften.pdf\" target=\"_blank\" rel=\"noopener\">Trubadurernes aften (J-dag), 11.02.2019<\/a><br \/>\n<a href=\"http:\/\/tusgaard.dk\/wp-content\/uploads\/2021\/04\/11.14.2019.klassisk-matematik.pdf\" target=\"_blank\" rel=\"noopener\">Klassisk matematik, 11.14.2019<\/a><br \/>\n<a href=\"http:\/\/tusgaard.dk\/wp-content\/uploads\/2021\/04\/12.20.2019-Man-m\u2020-ikke-kaste-med-sten.pdf\" target=\"_blank\" rel=\"noopener\">Man m\u00e5 ikke kaste med sten, 12.20.2019<\/a><\/p>\n<p><strong>2018<\/strong><br \/>\n<a href=\"http:\/\/tusgaard.dk\/wp-content\/uploads\/2021\/04\/06.01.2018.Heartland-festival.pdf\" target=\"_blank\" rel=\"noopener\">Heartland festival, <\/a><a href=\"http:\/\/tusgaard.dk\/wp-content\/uploads\/2021\/04\/06.01.2018.Heartland-festival.pdf\" target=\"_blank\" rel=\"noopener\">06.01.2018<\/a><br \/>\n<a href=\"http:\/\/tusgaard.dk\/wp-content\/uploads\/2021\/04\/06.07.2018.Drop-inn.pdf\" target=\"_blank\" rel=\"noopener\">Drop inn, <\/a><a href=\"http:\/\/tusgaard.dk\/wp-content\/uploads\/2021\/04\/06.07.2018.Drop-inn.pdf\" target=\"_blank\" rel=\"noopener\">06.07.2018<\/a><br \/>\n<a href=\"http:\/\/tusgaard.dk\/wp-content\/uploads\/2021\/04\/12.07.2018.-Et-lille-juleeventyr-om-glemsel.pdf\" target=\"_blank\" rel=\"noopener\">Et lille juleeventyr om glemsel, 12.07.2018<\/a><\/p>\n<p><strong>1977 &#8211; 2017<br \/>\n<\/strong><a href=\"http:\/\/tusgaard.dk\/wp-content\/uploads\/2021\/04\/01.04.2015.Klarhed-er-ordet.pdf\" target=\"_blank\" rel=\"noopener\">Klarhed er ordet, 01.04.2015<\/a>[\/vc_column_text][\/vc_tta_section][vc_tta_section title=&#8221;Danske sangtekster&#8221; tab_id=&#8221;1618845615765-24215c8a-8d8c&#8221;][vc_column_text]<a href=\"https:\/\/tusgaard.dk\/wp-content\/uploads\/2022\/09\/To-som-elsker-hinanden.pdf\" target=\"_blank\" rel=\"noopener\">To som elsker hinanden<\/a><br \/>\n<a href=\"https:\/\/tusgaard.dk\/wp-content\/uploads\/2022\/09\/Bare-et-kys.pdf\" target=\"_blank\" rel=\"noopener\">Bare et kys<\/a><br \/>\n<a href=\"https:\/\/tusgaard.dk\/wp-content\/uploads\/2022\/09\/Saa-let.pdf\" target=\"_blank\" rel=\"noopener\">S\u00e5 let<\/a><br \/>\n<a href=\"https:\/\/tusgaard.dk\/wp-content\/uploads\/2022\/09\/Luk-nu-op.pdf\" target=\"_blank\" rel=\"noopener\">Luk nu op<\/a><br \/>\n<a href=\"https:\/\/tusgaard.dk\/wp-content\/uploads\/2022\/09\/Du-er-den-eneste.pdf\" target=\"_blank\" rel=\"noopener\">Du er den eneste<\/a><br \/>\n<a href=\"https:\/\/tusgaard.dk\/wp-content\/uploads\/2022\/09\/Aanderomantik.pdf\" target=\"_blank\" rel=\"noopener\">\u00c5nderomantik<\/a><br \/>\n<a href=\"https:\/\/tusgaard.dk\/wp-content\/uploads\/2022\/09\/Taenketanken.pdf\" target=\"_blank\" rel=\"noopener\">T\u00e6nketanken<\/a><br \/>\n<a href=\"https:\/\/tusgaard.dk\/wp-content\/uploads\/2022\/09\/Hendes-sang.pdf\" target=\"_blank\" rel=\"noopener\">Hendes sang<\/a><br \/>\n<a href=\"https:\/\/tusgaard.dk\/wp-content\/uploads\/2022\/09\/Gamle-minder.pdf\" target=\"_blank\" rel=\"noopener\">Gamle minder<\/a><\/p>\n<p><a href=\"https:\/\/tusgaard.dk\/wp-content\/uploads\/2021\/10\/Fyldt-til-bristepunktet.pdf\">Fyldt til bristepunktet<\/a><br \/>\n<a href=\"https:\/\/tusgaard.dk\/wp-content\/uploads\/2021\/10\/En-juledag.pdf\">En juledag<\/a>[\/vc_column_text][\/vc_tta_section][vc_tta_section title=&#8221;Engelske sangtekster&#8221; tab_id=&#8221;1618845631436-fe6f3a16-9965&#8243;][vc_column_text]<a href=\"https:\/\/tusgaard.dk\/wp-content\/uploads\/2021\/05\/Hey-little-sister.pdf\" target=\"_blank\" rel=\"noopener\">Hey little sister<\/a><br \/>\n<a href=\"https:\/\/tusgaard.dk\/wp-content\/uploads\/2021\/05\/I-love-you.pdf\" target=\"_blank\" rel=\"noopener\">I love you<\/a><br \/>\n<a href=\"https:\/\/tusgaard.dk\/wp-content\/uploads\/2021\/05\/Blinded-by-the-light.pdf\" target=\"_blank\" rel=\"noopener\">Blinded by the light<\/a><br \/>\n<a href=\"http:\/\/tusgaard.dk\/wp-content\/uploads\/2021\/04\/2013.-Mister-Winterbottom.pdf\" target=\"_blank\" rel=\"noopener\">Mister Winterbottom<\/a><br \/>\n<a href=\"http:\/\/tusgaard.dk\/wp-content\/uploads\/2023\/04\/At Cilantro.pdf\" target=\"_blank\" rel=\"noopener\">At Cilantro<\/a><br \/>\n<a href=\"http:\/\/tusgaard.dk\/wp-content\/uploads\/2023\/04\/Blinded by the light.pdf\" target=\"_blank\" rel=\"noopener\">Blinded by the light<\/a><br \/>\n<a href=\"http:\/\/tusgaard.dk\/wp-content\/uploads\/2023\/04\/By my side.pdf\" target=\"_blank\" rel=\"noopener\">By my side<\/a><br \/>\n<a href=\"http:\/\/tusgaard.dk\/wp-content\/uploads\/2023\/04\/I feel all right.pdf\" target=\"_blank\" rel=\"noopener\">I feel all right<\/a><br \/>\n<a href=\"http:\/\/tusgaard.dk\/wp-content\/uploads\/2023\/04\/I love you.pdf\" target=\"_blank\" rel=\"noopener\">I love you<\/a><br \/>\n<a href=\"http:\/\/tusgaard.dk\/wp-content\/uploads\/2023\/04\/I will be free.pdf\" target=\"_blank\" rel=\"noopener\"> will be free<\/a><br \/>\n<a href=\"http:\/\/tusgaard.dk\/wp-content\/uploads\/2023\/04\/In my heart the fire's burning.pdf\" target=\"_blank\" rel=\"noopener\">In my heart the fire&#8217;s burning<\/a><br \/>\n<a href=\"http:\/\/tusgaard.dk\/wp-content\/uploads\/2023\/04\/Misty morning.pdf\" target=\"_blank\" rel=\"noopener\">Misty morning<\/a><br \/>\n<a href=\"http:\/\/tusgaard.dk\/wp-content\/uploads\/2023\/04\/Not much time.pdf\" target=\"_blank\" rel=\"noopener\">Not much time<\/a><br \/>\n<a href=\"http:\/\/tusgaard.dk\/wp-content\/uploads\/2023\/04\/Old town.pdf\" target=\"_blank\" rel=\"noopener\">Old town<\/a><br \/>\n<a href=\"http:\/\/tusgaard.dk\/wp-content\/uploads\/2023\/04\/One Step Away.pdf\" target=\"_blank\" rel=\"noopener\">One Step Away<\/a><br \/>\n<a href=\"http:\/\/tusgaard.dk\/wp-content\/uploads\/2023\/04\/The pale moonllight.pdf\" target=\"_blank\" rel=\"noopener\">The pale moonlight<\/a><br \/>\n<a href=\"http:\/\/tusgaard.dk\/wp-content\/uploads\/2023\/04\/Thoughts of you.pdf\" target=\"_blank\" rel=\"noopener\">Thoughts of you<\/a><br \/>\n<a href=\"http:\/\/tusgaard.dk\/wp-content\/uploads\/2023\/04\/Today, right now.pdf\" target=\"_blank\" rel=\"noopener\">Today, right now<\/a><br \/>\n<a href=\"http:\/\/tusgaard.dk\/wp-content\/uploads\/2023\/04\/When I look in your eyes.pdf\" target=\"_blank\" rel=\"noopener\">When I look in your eyes<\/a><br \/>\n[\/vc_column_text][\/vc_tta_section][\/vc_tta_accordion][\/vc_column][\/vc_row]<\/p>\n","protected":false},"excerpt":{"rendered":"<p>[vc_row padding_bottom_multiplier=&#8221;&#8221;][vc_column][\/vc_column][\/vc_row][vc_row][vc_column width=&#8221;1\/2&#8243;][vc_column_text]Her er samlet udvalgte digte skrevet gennem \u00e5rene. Derudover kommer der ogs\u00e5 til at ligge flere af mine egne sangtekster; b\u00e5de de danske og de engelske.[\/vc_column_text][\/vc_column][vc_column width=&#8221;1\/2&#8243;][vc_tta_accordion active_section=&#8221;f&#8221; accordion_style=&#8221;style-2&#8243; heading=&#8221;h5&#8243;][vc_tta_section title=&#8221;Tekster til Dr\u00f8mmesvinger &#8221; tab_id=&#8221;1769962817833-d8008208-14aa&#8221;][vc_column_text]Dr\u00f8mmesvinger Min stille Immanuel Mine dr\u00f8mmes ocean Ikke flere job Vejen tilbage En sang til dig Femten a\u030ar Na\u030ar [&hellip;]<\/p>\n","protected":false},"author":1,"featured_media":12,"parent":0,"menu_order":0,"comment_status":"closed","ping_status":"open","template":"","meta":{"footnotes":""},"class_list":["post-23","page","type-page","status-publish","has-post-thumbnail","hentry"],"_links":{"self":[{"href":"https:\/\/tusgaard.dk\/index.php?rest_route=\/wp\/v2\/pages\/23","targetHints":{"allow":["GET"]}}],"collection":[{"href":"https:\/\/tusgaard.dk\/index.php?rest_route=\/wp\/v2\/pages"}],"about":[{"href":"https:\/\/tusgaard.dk\/index.php?rest_route=\/wp\/v2\/types\/page"}],"author":[{"embeddable":true,"href":"https:\/\/tusgaard.dk\/index.php?rest_route=\/wp\/v2\/users\/1"}],"replies":[{"embeddable":true,"href":"https:\/\/tusgaard.dk\/index.php?rest_route=%2Fwp%2Fv2%2Fcomments&post=23"}],"version-history":[{"count":98,"href":"https:\/\/tusgaard.dk\/index.php?rest_route=\/wp\/v2\/pages\/23\/revisions"}],"predecessor-version":[{"id":2533,"href":"https:\/\/tusgaard.dk\/index.php?rest_route=\/wp\/v2\/pages\/23\/revisions\/2533"}],"wp:featuredmedia":[{"embeddable":true,"href":"https:\/\/tusgaard.dk\/index.php?rest_route=\/wp\/v2\/media\/12"}],"wp:attachment":[{"href":"https:\/\/tusgaard.dk\/index.php?rest_route=%2Fwp%2Fv2%2Fmedia&parent=23"}],"curies":[{"name":"wp","href":"https:\/\/api.w.org\/{rel}","templated":true}]}}