{"id":83,"date":"2021-04-19T15:05:22","date_gmt":"2021-04-19T15:05:22","guid":{"rendered":"http:\/\/www.lundhjemmesider-udvikling.dk\/martinchristensen\/?page_id=83"},"modified":"2026-02-05T10:21:33","modified_gmt":"2026-02-05T10:21:33","slug":"koeb-af-cd","status":"publish","type":"page","link":"https:\/\/tusgaard.dk\/?page_id=83","title":{"rendered":"Udgivelser"},"content":{"rendered":"<p>[vc_row padding_bottom_multiplier=&#8221;4x&#8221;][vc_column][vc_row_inner][vc_column_inner width=&#8221;1\/2&#8243;]<div class=\"grve-empty-space grve-height-1x\" style=\"\"><\/div>[vc_column_text]<\/p>\n<h3>1. single <em>Dr\u00f8mmesvinger<\/em>\u00a0 \u00a0 \u00a02. januar 2026<\/h3>\n<p>Sangen <em>Dr\u00f8mmesvinger<\/em> fort\u00e6ller historien om <i>et jeg<\/i>, der m\u00e5 give slip p\u00e5 sin gamle k\u00e6rlighed\/afh\u00e6ngighed for at give plads til ny og meningsfuld v\u00e6kst i livet; de gamle dr\u00f8mme bliver skiftet ud med nye. Stemningen i nummeret er alvorlig med et lille glimt i \u00f8jet. Rejsen p\u00e5 vejen henimod et nyt liv er ikke uden vanskeligheder, men med t\u00e5lmodighed og tro p\u00e5 sig selv kan man vende sine dr\u00f8mme, som <i>en dr\u00f8mmesvinger<\/i>, s\u00e5 et nyt og bedre liv kan realiseres.<\/p>\n<p>Genren kan beskrives som pop med r\u00f8dder i folkrock- &amp; countrygenren. Pop med et positivt og seri\u00f8st budskab. Sangen har release d. 2. januar, som er en m\u00e5ned, hvor mange mennesker t\u00e6nker over en ny start. Sangen kan v\u00e6re en inspiration til forandring.<span class=\"Apple-converted-space\">\u00a0<\/span>[\/vc_column_text][vc_column_text][\/vc_column_text][\/vc_column_inner][vc_column_inner width=&#8221;1\/2&#8243;]<div class=\"grve-empty-space grve-height-1x\" style=\"\"><\/div><div class=\"grve-element grve-image grve-align-center\" style=\"\">  <div class=\"grve-image-wrapper\"><img loading=\"lazy\" decoding=\"async\" width=\"768\" height=\"768\" src=\"https:\/\/tusgaard.dk\/wp-content\/uploads\/2025\/12\/Endelig-Droemmesvinger-brun-uden-skygge-768x768.jpg\" class=\"attachment-medium_large size-medium_large\" alt=\"\" srcset=\"https:\/\/tusgaard.dk\/wp-content\/uploads\/2025\/12\/Endelig-Droemmesvinger-brun-uden-skygge-768x768.jpg 768w, https:\/\/tusgaard.dk\/wp-content\/uploads\/2025\/12\/Endelig-Droemmesvinger-brun-uden-skygge-300x300.jpg 300w, https:\/\/tusgaard.dk\/wp-content\/uploads\/2025\/12\/Endelig-Droemmesvinger-brun-uden-skygge-1024x1024.jpg 1024w, https:\/\/tusgaard.dk\/wp-content\/uploads\/2025\/12\/Endelig-Droemmesvinger-brun-uden-skygge-150x150.jpg 150w, https:\/\/tusgaard.dk\/wp-content\/uploads\/2025\/12\/Endelig-Droemmesvinger-brun-uden-skygge-1536x1536.jpg 1536w, https:\/\/tusgaard.dk\/wp-content\/uploads\/2025\/12\/Endelig-Droemmesvinger-brun-uden-skygge-560x560.jpg 560w, https:\/\/tusgaard.dk\/wp-content\/uploads\/2025\/12\/Endelig-Droemmesvinger-brun-uden-skygge-900x900.jpg 900w, https:\/\/tusgaard.dk\/wp-content\/uploads\/2025\/12\/Endelig-Droemmesvinger-brun-uden-skygge-1920x1920.jpg 1920w\" sizes=\"auto, (max-width: 768px) 100vw, 768px\" \/>   <\/div><\/div><div class=\"grve-empty-space grve-height-1x\" style=\"\"><\/div><div class=\"grve-element grve-align-left\"><a href=\"https:\/\/martintusgaard.lnk.to\/droemmesvinger\" title=\"K\u00f8b nu\" target=\"_blank\" rel=\"noopener noreferrer\" class=\"grve-btn grve-btn-medium grve-square grve-bg-primary-1 grve-bg-hover-black\"><span>K\u00f8b CD\/ Stream musik<\/span><\/a><\/div>[\/vc_column_inner][vc_column_inner width=&#8221;1\/2&#8243;][\/vc_column_inner][vc_column_inner]<div class=\"grve-element grve-divider\" style=\"padding-top: 2%;padding-bottom: 2%;\"><div class=\"grve-line-divider grve-border\"><\/div><\/div>[\/vc_column_inner][\/vc_row_inner][vc_row_inner][vc_column_inner width=&#8221;1\/2&#8243;]<div class=\"grve-empty-space grve-height-1x\" style=\"\"><\/div>[vc_column_text]<\/p>\n<h4>2. single <em>Mine dr\u00f8mmes ocean<\/em>\u00a0 \u00a0 \u00a0 \u00a0 \u00a016. januar 2026<\/h4>\n<p>2. singlen p\u00e5 albummet <em>Dr\u00f8mmesvinger<\/em> hedder <em>Mine dr\u00f8mmes ocean<\/em> og udtrykker taknemmelighed over den k\u00e6rlighed, der er blevet sk\u00e6nket jeget, og den styrke k\u00e6rligheden kan give, s\u00e5 bev\u00e6gelsen henimod et endnu mere n\u00e6rv\u00e6rende og meningsfuldt liv fortsat kan finde sted, som det meget stemningsfuldt udtrykkes i omkv\u00e6det: &#8220;<i>P\u00e5 mine dr\u00f8mmes ocean, kan du stilne en orkan.<\/i>&#8221; Sangen rummer en musiskask dr\u00f8mmende stemning, og bruger solen som metafor for k\u00e6rlighedens blomstring.<span class=\"Apple-converted-space\">\u00a0<\/span><\/p>\n<p>Genren kan beskrives som pop med r\u00f8dder i folkrock- &amp; countrygenren. Pop med et positivt og seri\u00f8st budskab.[\/vc_column_text][vc_column_text][\/vc_column_text][\/vc_column_inner][vc_column_inner width=&#8221;1\/2&#8243;]<div class=\"grve-empty-space grve-height-1x\" style=\"\"><\/div><div class=\"grve-element grve-image grve-align-center\" style=\"\">  <div class=\"grve-image-wrapper\"><img loading=\"lazy\" decoding=\"async\" width=\"768\" height=\"768\" src=\"https:\/\/tusgaard.dk\/wp-content\/uploads\/2025\/12\/Endelig-mine-droemmes-ocean-roed-uden-skygge-1-1-768x768.jpg\" class=\"attachment-medium_large size-medium_large\" alt=\"\" srcset=\"https:\/\/tusgaard.dk\/wp-content\/uploads\/2025\/12\/Endelig-mine-droemmes-ocean-roed-uden-skygge-1-1-768x768.jpg 768w, https:\/\/tusgaard.dk\/wp-content\/uploads\/2025\/12\/Endelig-mine-droemmes-ocean-roed-uden-skygge-1-1-300x300.jpg 300w, https:\/\/tusgaard.dk\/wp-content\/uploads\/2025\/12\/Endelig-mine-droemmes-ocean-roed-uden-skygge-1-1-1024x1024.jpg 1024w, https:\/\/tusgaard.dk\/wp-content\/uploads\/2025\/12\/Endelig-mine-droemmes-ocean-roed-uden-skygge-1-1-150x150.jpg 150w, https:\/\/tusgaard.dk\/wp-content\/uploads\/2025\/12\/Endelig-mine-droemmes-ocean-roed-uden-skygge-1-1-1536x1536.jpg 1536w, https:\/\/tusgaard.dk\/wp-content\/uploads\/2025\/12\/Endelig-mine-droemmes-ocean-roed-uden-skygge-1-1-560x560.jpg 560w, https:\/\/tusgaard.dk\/wp-content\/uploads\/2025\/12\/Endelig-mine-droemmes-ocean-roed-uden-skygge-1-1-900x900.jpg 900w, https:\/\/tusgaard.dk\/wp-content\/uploads\/2025\/12\/Endelig-mine-droemmes-ocean-roed-uden-skygge-1-1-1920x1920.jpg 1920w\" sizes=\"auto, (max-width: 768px) 100vw, 768px\" \/>   <\/div><\/div><div class=\"grve-empty-space grve-height-1x\" style=\"\"><\/div><div class=\"grve-element grve-align-left\"><a href=\"https:\/\/martintusgaard.lnk.to\/droemmesvinger\" title=\"K\u00f8b nu\" target=\"_blank\" rel=\"noopener noreferrer\" class=\"grve-btn grve-btn-medium grve-square grve-bg-primary-1 grve-bg-hover-black\"><span>K\u00f8b CD\/ Stream musik<\/span><\/a><\/div>[\/vc_column_inner][vc_column_inner width=&#8221;1\/2&#8243;][\/vc_column_inner][vc_column_inner]<div class=\"grve-element grve-divider\" style=\"padding-top: 2%;padding-bottom: 2%;\"><div class=\"grve-line-divider grve-border\"><\/div><\/div>[\/vc_column_inner][\/vc_row_inner][vc_row_inner][vc_column_inner width=&#8221;1\/2&#8243;]<div class=\"grve-empty-space grve-height-1x\" style=\"\"><\/div>[vc_column_text]<\/p>\n<h3>Nyt album ude 30. januar 2026<\/h3>\n<p>Mit andet album <em>Dr\u00f8mmesvinger<\/em>\u00a0tager lytteren med p\u00e5 en rejse gennem livets store eksistentielle valg. Albummet udforsker de \u00f8jeblikke, hvor man m\u00e5 give slip p\u00e5 det gamle for at skabe plads til det nye \u2013 og hvor dr\u00f8mme f\u00e5r lov til at tage form.<\/p>\n<p>Den f\u00f8rste single, <i>Dr\u00f8mmesvinger<\/i>, \u00e5bner d\u00f8ren til et nyt og kraftfuldt kapitel. Sangen fort\u00e6ller historien om <i>et jeg<\/i>, der st\u00e5r klar til at slippe en gammel k\u00e6rlighed \u2013 eller en gammel afh\u00e6ngighed \u2013 og finde modet til at lade livet vokse i en ny retning. Med en alvorlig, men alligevel legende tone, indfanger nummeret den f\u00f8lelsesm\u00e6ssige balance mellem at give slip og tage nye skridt. Det er en p\u00e5mindelse om, at vi alle kan \u201csvinge\u201d vores dr\u00f8mme i nye retninger og tr\u00e6de ind i noget bedre.<\/p>\n<p>Albummet rummer ogs\u00e5 poetiske tilbageblik og refleksioner over livets afg\u00f8rende valg som fx i sangen <i>Femten \u00e5r. I sangen<\/i><i> <\/i><i>Ikke flere job<\/i> skabes et kritisk midtvejsperspektiv p\u00e5 livet og karrieren, mens <i>Min stille Immanuel<\/i> dykker ned i de kreative kriser og kraften i at tilgive sig selv som en n\u00f8gle til v\u00e6kst. K\u00e6rligheden er aldrig langt v\u00e6k \u2013 i sange som <i>Vejen tilbage<\/i> og <i>En sang til dig<\/i> f\u00e5r den b\u00e5de plads til s\u00e5rbarhed og styrke.<\/p>\n<p>Musikalsk bev\u00e6ger albummet sig i poplandskabet med r\u00f8dder i folkrock og country. Det er indspillet i <i>MillFactory NuVenue<\/i> i K\u00f8benhavn og produceret af Aske Jacoby. Boe Larsen har st\u00e5et for optagelse, mix og mastering. Aske Jacoby og Boe Larsen bidrager ogs\u00e5 p\u00e5 instrumentering med bl.a. lead guitar, bas og Fender Rhodes, flankeret af Jesper Langkj\u00e6r p\u00e5 trommer\/percussion og Nina Schi\u00f8dt Lyb\u00e6k Hansen p\u00e5 kor.<\/p>\n<p>Resultatet er et album, der kombinerer hjertets poesi med musikalsk h\u00e5ndv\u00e6rk \u2013 en lydrejse, der b\u00e5de r\u00f8rer, udfordrer og inspirerer.[\/vc_column_text][vc_column_text][\/vc_column_text][\/vc_column_inner][vc_column_inner width=&#8221;1\/2&#8243;]<div class=\"grve-empty-space grve-height-1x\" style=\"\"><\/div><div class=\"grve-element grve-image grve-align-center\" style=\"\">  <div class=\"grve-image-wrapper\"><img loading=\"lazy\" decoding=\"async\" width=\"768\" height=\"768\" src=\"https:\/\/tusgaard.dk\/wp-content\/uploads\/2025\/12\/DSC_1090_04-droemmesvinger11-hvid-768x768.jpeg\" class=\"attachment-medium_large size-medium_large\" alt=\"\" srcset=\"https:\/\/tusgaard.dk\/wp-content\/uploads\/2025\/12\/DSC_1090_04-droemmesvinger11-hvid-768x768.jpeg 768w, https:\/\/tusgaard.dk\/wp-content\/uploads\/2025\/12\/DSC_1090_04-droemmesvinger11-hvid-300x300.jpeg 300w, https:\/\/tusgaard.dk\/wp-content\/uploads\/2025\/12\/DSC_1090_04-droemmesvinger11-hvid-1024x1024.jpeg 1024w, https:\/\/tusgaard.dk\/wp-content\/uploads\/2025\/12\/DSC_1090_04-droemmesvinger11-hvid-150x150.jpeg 150w, https:\/\/tusgaard.dk\/wp-content\/uploads\/2025\/12\/DSC_1090_04-droemmesvinger11-hvid-1536x1536.jpeg 1536w, https:\/\/tusgaard.dk\/wp-content\/uploads\/2025\/12\/DSC_1090_04-droemmesvinger11-hvid-560x560.jpeg 560w, https:\/\/tusgaard.dk\/wp-content\/uploads\/2025\/12\/DSC_1090_04-droemmesvinger11-hvid-900x900.jpeg 900w, https:\/\/tusgaard.dk\/wp-content\/uploads\/2025\/12\/DSC_1090_04-droemmesvinger11-hvid-1920x1920.jpeg 1920w\" sizes=\"auto, (max-width: 768px) 100vw, 768px\" \/>   <\/div><\/div><div class=\"grve-empty-space grve-height-1x\" style=\"\"><\/div><div class=\"grve-element grve-align-left\"><a href=\"https:\/\/martintusgaard.lnk.to\/droemmesvinger\" title=\"K\u00f8b nu\" target=\"_blank\" rel=\"noopener noreferrer\" class=\"grve-btn grve-btn-medium grve-square grve-bg-primary-1 grve-bg-hover-black\"><span>K\u00f8b CD\/ Stream musik<\/span><\/a><\/div>[\/vc_column_inner][vc_column_inner width=&#8221;1\/2&#8243;][\/vc_column_inner][vc_column_inner]<div class=\"grve-element grve-divider\" style=\"padding-top: 2%;padding-bottom: 2%;\"><div class=\"grve-line-divider grve-border\"><\/div><\/div>[\/vc_column_inner][\/vc_row_inner][vc_row_inner][vc_column_inner width=&#8221;1\/2&#8243;]<div class=\"grve-empty-space grve-height-1x\" style=\"\"><\/div>[vc_column_text]<\/p>\n<h3>Nyt album den. 16. september 2022<\/h3>\n<p class=\"p1\">Den <b><i>16. september 2022<\/i><\/b> udkom mit nye album &#8220;\u00c5nderomantik&#8221;, og det blev fejret med en koncert p\u00e5 <b><i>Caf\u00e9 Globen<\/i><\/b> i K\u00f8benhavn. Jeg spillede akustiske udgaver af numrene sammen med Martin Bomholt og fortalte historierne bag sangene. Historierne kan man ogs\u00e5 l\u00e6se her p\u00e5 hjemmesiden under fanen &#8220;Nyheder&#8221; (&#8220;Om \u00c5nderomantik&#8221;).<\/p>\n<p class=\"p1\">Tekstuniverset p\u00e5 albummet h\u00e6nger tematisk sammen. Omdrejningspunktet for sangene er Viggo Stuckenbergs kendte digt \u201dNu brister i alle de Kl\u00f8fter\u201d, og i albummets f\u00f8rste sang er der en tydelig reference til digtet. Sidste sang vender tilbage til udgangspunktet, og her er brugt hele f\u00f8rste strofe af digtet. Viggo Stuckenbergs digt beskriver meget fint k\u00e6rlighedens v\u00e6sen \u2013 det s\u00f8ger sangene p\u00e5 dette album ogs\u00e5 at g\u00f8re. Du kan l\u00e6se mere om digtet her p\u00e5 hjemmesiden under menufanen \u201dNyheder\u201d med overskriften \u201dOm \u00c5nderomantik\u201d, og du kan l\u00e6se flere gode historier om rejsen til albummets f\u00e6rdigg\u00f8relse og sangenes tilblivelse.<\/p>\n<p class=\"p1\">Albummet er optaget i Millfactory studie A i k\u00f8benhavn med Aske Jacoby, Kristoffer Sonne, Rune Harder Olesen, Heidi Gellert og Boe Larsen og er resultatet af et helt \u00e5rs arbejde. God forn\u00f8jelse med musikken.<\/p>\n<p>[\/vc_column_text][vc_column_text][\/vc_column_text][\/vc_column_inner][vc_column_inner width=&#8221;1\/2&#8243;]<div class=\"grve-empty-space grve-height-1x\" style=\"\"><\/div><div class=\"grve-element grve-image grve-align-center\" style=\"\">  <div class=\"grve-image-wrapper\"><img loading=\"lazy\" decoding=\"async\" width=\"768\" height=\"685\" src=\"https:\/\/tusgaard.dk\/wp-content\/uploads\/2022\/08\/Skaermbillede-2022-08-02-kl.-13.32.27.png\" class=\"attachment-medium_large size-medium_large\" alt=\"\" \/>   <\/div><\/div><div class=\"grve-empty-space grve-height-1x\" style=\"\"><\/div><div class=\"grve-element grve-align-left\"><a href=\"https:\/\/martintusgaard.lnk.to\/Aanderomantik\" title=\"K\u00f8b nu\" target=\"_blank\" rel=\"noopener noreferrer\" class=\"grve-btn grve-btn-medium grve-square grve-bg-primary-1 grve-bg-hover-black\"><span>K\u00f8b CD\/ Stream musik<\/span><\/a><\/div><div class=\"grve-empty-space grve-height-1x\" style=\"\"><\/div>[\/vc_column_inner][vc_column_inner width=&#8221;1\/2&#8243;][\/vc_column_inner][vc_column_inner]<div class=\"grve-element grve-divider\" style=\"padding-top: 2%;padding-bottom: 2%;\"><div class=\"grve-line-divider grve-border\"><\/div><\/div>[\/vc_column_inner][\/vc_row_inner][vc_row_inner][vc_column_inner width=&#8221;1\/2&#8243;]<div class=\"grve-empty-space grve-height-1x\" style=\"\"><\/div>[vc_column_text]<\/p>\n<h1><\/h1>\n<h2 class=\"grve-element grve-title grve-align-left grve-h2\">Singleudgivelse<br \/>\n19. november 2021<\/h2>\n<p>\u201dEn Juledag\u201d er den anden af to singler, der udkom frem mod december 2021. De to singler kom til verden som min reaktion p\u00e5 Coronaoplevelsen og tekst og musik spejler dette tema. Derfor fik de ogs\u00e5 lov til at st\u00e5 alene. De to singler er indspillet med et akustisk setup i Millfactory-studiet i K\u00f8benhavn sammen med Aske Jacoby og Boe Larsen.<\/p>\n<p>\u201dEn Juledag\u201d er ikke en traditionel julesang, og historien bag den er ret interessant. Jeg blev inspireret til at skrive sangen, da jeg d. 8. november 2020 sad og s\u00e5 DR2\u2019s virtuelle bogmesse. De to v\u00e6rter Ane Cortzen og Adam Holm, havde inviteret flere musikere ind til at spille en sang og fort\u00e6lle om deres yndlingsl\u00e6sning. Michael Falch var inviteret ind og sang sin \u201dOm lidt bli\u00b4r det lyst\u201d fra Albummet \u201dFor\u00e5r i brystet\u201d.<\/p>\n<p>L\u00e6s mere om hvordan interviewet inspirerede mig under fanen \u201dnyheder\u201d her p\u00e5 hjemmesiden. Det er en god historie og tekstm\u00e6ssigt forts\u00e6tter den sporet fra f\u00f8rste single \u201dFyldt til bristepunktet\u201d der var et indspark til en debat om mere n\u00e6rv\u00e6r og menneskelighed i vores fortravlede verden. Lyt til singlen \u201cEn juledag\u201d p\u00e5 diverse streamingtjenester eller klik p\u00e5 linket her :[\/vc_column_text][vc_column_text][\/vc_column_text][\/vc_column_inner][vc_column_inner width=&#8221;1\/2&#8243;]<div class=\"grve-empty-space grve-height-1x\" style=\"\"><\/div><div class=\"grve-element grve-image grve-align-center\" style=\"\">  <div class=\"grve-image-wrapper\"><img loading=\"lazy\" decoding=\"async\" width=\"768\" height=\"768\" src=\"https:\/\/tusgaard.dk\/wp-content\/uploads\/2021\/11\/En-juledag.jpg\" class=\"attachment-medium_large size-medium_large\" alt=\"\" \/>   <\/div><\/div><div class=\"grve-empty-space grve-height-1x\" style=\"\"><\/div><div class=\"grve-element grve-align-left\"><a href=\"https:\/\/martintusgaard.lnk.to\/EnJuledag\" title=\"K\u00f8b nu\" target=\"_blank\" rel=\"noopener noreferrer\" class=\"grve-btn grve-btn-medium grve-square grve-bg-primary-1 grve-bg-hover-black\"><span>Lyt nu<\/span><\/a><\/div><div class=\"grve-empty-space grve-height-1x\" style=\"\"><\/div>[\/vc_column_inner][vc_column_inner width=&#8221;1\/2&#8243;][\/vc_column_inner][vc_column_inner]<div class=\"grve-element grve-divider\" style=\"padding-top: 2%;padding-bottom: 2%;\"><div class=\"grve-line-divider grve-border\"><\/div><\/div>[\/vc_column_inner][\/vc_row_inner][vc_row_inner][vc_column_inner width=&#8221;1\/2&#8243;]<div class=\"grve-empty-space grve-height-1x\" style=\"\"><\/div>[vc_column_text]<\/p>\n<h2><\/h2>\n<h2 class=\"grve-element grve-title grve-align-left grve-h4\">Singleudgivelse oktober<br \/>\n2021<\/h2>\n<p>\u201dFyldt til bristepunktet\u201d giver luft for mange af de frustrationer, vi alle oplevede under Corona-pandemien, og henter inspiration fra mediernes sprogbrug i forbindelse med den f\u00f8rste nedlukning af Danmark i marts m\u00e5ned 2020, og samtidigt er sangen ogs\u00e5 et indspark til en debat om mere n\u00e6rv\u00e6r og menneskelighed. Et spor der forts\u00e6ttes i den n\u00e6ste singleudgivelse &#8220;En juledag&#8221;, der udkom umiddelbart efter.<\/p>\n<p>Lyt til sangen ved at klikke p\u00e5 linket her, eller find den p\u00e5 diverse streamingtjenester:[\/vc_column_text][vc_column_text][\/vc_column_text][\/vc_column_inner][vc_column_inner width=&#8221;1\/2&#8243;]<div class=\"grve-empty-space grve-height-1x\" style=\"\"><\/div><div class=\"grve-element grve-image grve-align-center\" style=\"\">  <div class=\"grve-image-wrapper\"><img loading=\"lazy\" decoding=\"async\" width=\"768\" height=\"768\" src=\"https:\/\/tusgaard.dk\/wp-content\/uploads\/2021\/10\/Fyldt-til-bristepunktet-768x768.jpg\" class=\"attachment-medium_large size-medium_large\" alt=\"\" srcset=\"https:\/\/tusgaard.dk\/wp-content\/uploads\/2021\/10\/Fyldt-til-bristepunktet-768x768.jpg 768w, https:\/\/tusgaard.dk\/wp-content\/uploads\/2021\/10\/Fyldt-til-bristepunktet-300x300.jpg 300w, https:\/\/tusgaard.dk\/wp-content\/uploads\/2021\/10\/Fyldt-til-bristepunktet-1024x1024.jpg 1024w, https:\/\/tusgaard.dk\/wp-content\/uploads\/2021\/10\/Fyldt-til-bristepunktet-150x150.jpg 150w, https:\/\/tusgaard.dk\/wp-content\/uploads\/2021\/10\/Fyldt-til-bristepunktet-1536x1536.jpg 1536w, https:\/\/tusgaard.dk\/wp-content\/uploads\/2021\/10\/Fyldt-til-bristepunktet-560x560.jpg 560w, https:\/\/tusgaard.dk\/wp-content\/uploads\/2021\/10\/Fyldt-til-bristepunktet-900x900.jpg 900w, https:\/\/tusgaard.dk\/wp-content\/uploads\/2021\/10\/Fyldt-til-bristepunktet-1920x1920.jpg 1920w\" sizes=\"auto, (max-width: 768px) 100vw, 768px\" \/>   <\/div><\/div><div class=\"grve-empty-space grve-height-1x\" style=\"\"><\/div><div class=\"grve-element grve-align-left\"><a href=\"https:\/\/martintusgaard.lnk.to\/FyldtTilBristepunktet\" title=\"K\u00f8b nu\" target=\"_blank\" rel=\"noopener noreferrer\" class=\"grve-btn grve-btn-medium grve-square grve-bg-primary-1 grve-bg-hover-black\"><span>Lyt nu<\/span><\/a><\/div><div class=\"grve-empty-space grve-height-1x\" style=\"\"><\/div>[\/vc_column_inner][vc_column_inner width=&#8221;1\/2&#8243;][\/vc_column_inner][vc_column_inner]<div class=\"grve-element grve-divider\" style=\"padding-top: 2%;padding-bottom: 2%;\"><div class=\"grve-line-divider grve-border\"><\/div><\/div>[\/vc_column_inner][\/vc_row_inner][vc_row_inner][vc_column_inner width=&#8221;1\/2&#8243;]<div class=\"grve-empty-space grve-height-1x\" style=\"\"><\/div>[vc_column_text]<\/p>\n<h2 class=\"grve-element grve-title grve-align-left grve-h4\">EP-udgivelse maj 2021<\/h2>\n<p>Denne EP indeholder 5 sange med digte udvalgt fra Halfdan Rasmussens digtsamling \u201dRegnens harpe\u201d med illustrationer af Ib Spang Olsen udgivet p\u00e5 Sch\u00f8nbergs forlag i 1990. Digtsamlingen er oprindeligt udarbejdet efter skitser og indtryk fra en rejse til Connemara i Irland sammen med Ib Spang Olsen i 1958.<\/p>\n<p>Historien bag disse 5 sange g\u00e5r tilbage til den 2. februar 2019, hvor jeg en l\u00f8rdag formiddag havde siddet og genl\u00e6st digtsamlingen. Jeg har altid interesseret mig for lyrik, og der g\u00e5r n\u00e6sten ikke en dag, hvor jeg ikke har en digtsamling i h\u00e5nden og s\u00f8ger at spejle mit eget liv i digtene, jeg l\u00e6ser.<\/p>\n<p>Jeg griber ofte guitaren, n\u00e5r jeg l\u00e6ser lyrik. Det gjorde jeg ogs\u00e5 denne dag og sang flere digte fra digtsamlingen igennem, med musik jeg fandt p\u00e5 undervejs, ud fra hvad jeg fornemmede passede til stemningen i digtene. Jeg optog heldigvis sangene p\u00e5 min mobil, og efter nogle uger lyttede jeg dem igennem og t\u00e6nkte, at de kunne noget. Jeg valgte de 5 bedste ud og lavede i l\u00f8bet af de n\u00e6ste m\u00e5neder en demo.<\/p>\n<p>Jeg gik p\u00e5 dette tidspunkt til guitarundervisning hos Aske Jacoby. Jeg havde i mere end 20 \u00e5r spillet diverse solo-\/ troubadourjobs p\u00e5 mindre spillesteder og kunne en hel del sange udenad, men jeg ville gerne forbedre mine soloer og t\u00e6nkte, at Aske Jacoby kunne hj\u00e6lpe mig med dette. I den forbindelse viste jeg ham min demo til de 5 sange. Han ville gerne hj\u00e6lpe mig videre, og samarbejdet endte med denne udgivelse.<\/p>\n<p>Lyt til sangene eller k\u00f8b EP&#8217;en som fysisk CD-udgivelse ved at klikke p\u00e5 linket her (sangene findes ogs\u00e5 p\u00e5 diverse streamingtjenester):[\/vc_column_text][vc_column_text][\/vc_column_text][\/vc_column_inner][vc_column_inner width=&#8221;1\/2&#8243;]<div class=\"grve-empty-space grve-height-1x\" style=\"\"><\/div><div class=\"grve-element grve-image grve-align-center\" style=\"\">  <div class=\"grve-image-wrapper\"><img loading=\"lazy\" decoding=\"async\" width=\"768\" height=\"768\" src=\"https:\/\/tusgaard.dk\/wp-content\/uploads\/2021\/04\/Billede1-768x768.jpg\" class=\"attachment-medium_large size-medium_large\" alt=\"\" srcset=\"https:\/\/tusgaard.dk\/wp-content\/uploads\/2021\/04\/Billede1-768x768.jpg 768w, https:\/\/tusgaard.dk\/wp-content\/uploads\/2021\/04\/Billede1-300x300.jpg 300w, https:\/\/tusgaard.dk\/wp-content\/uploads\/2021\/04\/Billede1-1024x1024.jpg 1024w, https:\/\/tusgaard.dk\/wp-content\/uploads\/2021\/04\/Billede1-150x150.jpg 150w, https:\/\/tusgaard.dk\/wp-content\/uploads\/2021\/04\/Billede1-560x560.jpg 560w, https:\/\/tusgaard.dk\/wp-content\/uploads\/2021\/04\/Billede1-900x900.jpg 900w, https:\/\/tusgaard.dk\/wp-content\/uploads\/2021\/04\/Billede1.jpg 1475w\" sizes=\"auto, (max-width: 768px) 100vw, 768px\" \/>   <\/div><\/div><div class=\"grve-empty-space grve-height-1x\" style=\"\"><\/div><div class=\"grve-element grve-align-left\"><a href=\"https:\/\/tusgaard.dk\/?page_id=246\" title=\"K\u00f8b nu\" target=\"_blank\" rel=\"noopener noreferrer\" class=\"grve-btn grve-btn-medium grve-square grve-bg-primary-1 grve-bg-hover-black\"><span>K\u00d8B CD`EN<\/span><\/a><\/div><div class=\"grve-empty-space grve-height-1x\" style=\"\"><\/div>[\/vc_column_inner][vc_column_inner width=&#8221;1\/2&#8243;][\/vc_column_inner][\/vc_row_inner][\/vc_column][\/vc_row][vc_row padding_top_multiplier=&#8221;4x&#8221;][vc_column]<h3 class=\"grve-element grve-title grve-align-left grve-h2\" style=\"\"><span>Flere udgivelser i fremtiden<span class=\"grve-title-line grve-bg-primary-1\" style=\"width: 50px;height: 2px;\"><\/span><\/span><\/h3><div class=\"grve-empty-space grve-height-1x\" style=\"\"><\/div>[vc_row_inner][vc_column_inner width=&#8221;1\/2&#8243;][vc_column_text]Jeg ser frem til flere udgivelser i fremtiden, da jeg har flere projekter liggende, hvor jeg har sat musik til andre danske lyrikere, men det kan v\u00e6re sv\u00e6rt at f\u00e5 nulevende digtere med p\u00e5 ideen. Jeg fik lov af Halfdan Rasmussens arvtagere til at udgive EP&#8217;en &#8220;Regnens harpe&#8221;, men afslag fra andre. Desv\u00e6rre og forst\u00e5eligt nok er der flere digtere, der gerne vil skille tingene ad.[\/vc_column_text]<div class=\"grve-empty-space grve-height-1x\" style=\"\"><\/div><div class=\"grve-element grve-align-left\"><a href=\"https:\/\/tusgaard.dk\/?page_id=246\" title=\"K\u00f8b af CD\" target=\"_blank\" rel=\"noopener noreferrer\" class=\"grve-btn grve-btn-medium grve-square grve-bg-primary-1 grve-bg-hover-black\"><span>k\u00f8b\/lyt til ``Regnens harpe``<\/span><\/a><\/div><div class=\"grve-empty-space grve-height-1x\" style=\"\"><\/div>[\/vc_column_inner][vc_column_inner width=&#8221;1\/2&#8243;][vc_column_text]Jeg har dog andre ideer og har b\u00e5de danske og engelske sange med eget tekstmateriale liggende, jeg gerne vil arbejde videre med i fremtiden. &#8220;\u00c5nderomantik&#8221; er her det f\u00f8rste album for mig, hvor jeg har samlet 10 numre med danske tekster, jeg selv er meget tilfredse med.<\/p>\n<p>Om mit n\u00e6ste projekt bliver et dansksproget album eller et engelsksproget eller m\u00e5ske en EP med tekstmateriale fra en af mine ynglingsdigtere m\u00e5 tiden vise.[\/vc_column_text][vc_column_text][\/vc_column_text][\/vc_column_inner][\/vc_row_inner][\/vc_column][\/vc_row]<\/p>\n","protected":false},"excerpt":{"rendered":"<p>[vc_row padding_bottom_multiplier=&#8221;4x&#8221;][vc_column][vc_row_inner][vc_column_inner width=&#8221;1\/2&#8243;][vc_column_text] 1. single Dr\u00f8mmesvinger\u00a0 \u00a0 \u00a02. januar 2026 Sangen Dr\u00f8mmesvinger fort\u00e6ller historien om et jeg, der m\u00e5 give slip p\u00e5 sin gamle k\u00e6rlighed\/afh\u00e6ngighed for at give plads til ny og meningsfuld v\u00e6kst i livet; de gamle dr\u00f8mme bliver skiftet ud med nye. Stemningen i nummeret er alvorlig med et lille glimt i \u00f8jet. [&hellip;]<\/p>\n","protected":false},"author":1,"featured_media":12,"parent":0,"menu_order":0,"comment_status":"closed","ping_status":"closed","template":"","meta":{"footnotes":""},"class_list":["post-83","page","type-page","status-publish","has-post-thumbnail","hentry"],"_links":{"self":[{"href":"https:\/\/tusgaard.dk\/index.php?rest_route=\/wp\/v2\/pages\/83","targetHints":{"allow":["GET"]}}],"collection":[{"href":"https:\/\/tusgaard.dk\/index.php?rest_route=\/wp\/v2\/pages"}],"about":[{"href":"https:\/\/tusgaard.dk\/index.php?rest_route=\/wp\/v2\/types\/page"}],"author":[{"embeddable":true,"href":"https:\/\/tusgaard.dk\/index.php?rest_route=\/wp\/v2\/users\/1"}],"replies":[{"embeddable":true,"href":"https:\/\/tusgaard.dk\/index.php?rest_route=%2Fwp%2Fv2%2Fcomments&post=83"}],"version-history":[{"count":103,"href":"https:\/\/tusgaard.dk\/index.php?rest_route=\/wp\/v2\/pages\/83\/revisions"}],"predecessor-version":[{"id":2543,"href":"https:\/\/tusgaard.dk\/index.php?rest_route=\/wp\/v2\/pages\/83\/revisions\/2543"}],"wp:featuredmedia":[{"embeddable":true,"href":"https:\/\/tusgaard.dk\/index.php?rest_route=\/wp\/v2\/media\/12"}],"wp:attachment":[{"href":"https:\/\/tusgaard.dk\/index.php?rest_route=%2Fwp%2Fv2%2Fmedia&parent=83"}],"curies":[{"name":"wp","href":"https:\/\/api.w.org\/{rel}","templated":true}]}}