{"id":9,"date":"2021-04-10T11:33:17","date_gmt":"2021-04-10T11:33:17","guid":{"rendered":"http:\/\/www.lundhjemmesider-udvikling.dk\/martinchristensen\/?page_id=9"},"modified":"2026-02-05T10:25:09","modified_gmt":"2026-02-05T10:25:09","slug":"forside","status":"publish","type":"page","link":"https:\/\/tusgaard.dk\/","title":{"rendered":"Forside"},"content":{"rendered":"<p>[vc_row bg_type=&#8221;image&#8221; bg_image=&#8221;12&#8243; color_overlay=&#8221;dark&#8221; opacity_overlay=&#8221;70&#8243; padding_top_multiplier=&#8221;4x&#8221; padding_bottom_multiplier=&#8221;4x&#8221; columns_gap=&#8221;60&#8243;][vc_column css=&#8221;.vc_custom_1659520058091{margin-top: -100px !important;border-top-width: -100px !important;padding-top: -100px !important;}&#8221;]<div class=\"grve-empty-space grve-height-1x\" style=\"\"><\/div>[\/vc_column][vc_column width=&#8221;1\/2&#8243;][vc_row_inner][vc_column_inner][vc_column_text]<\/p>\n<h1><span style=\"font-size: 24pt;\">Nyt album januar 2026<\/span><\/h1>\n<p><i>D. 30. januar<\/i> 2026 udkom mit andet album <strong><a href=\"https:\/\/martintusgaard.lnk.to\/droemmesvinger\"><em>Dr\u00f8mmesvinger<\/em><\/a><\/strong><span style=\"font-family: inherit; font-size: inherit; font-style: inherit; font-variant-ligatures: inherit; font-variant-caps: inherit; font-weight: inherit;\"> p\u00e5 diverse streamingtjenester. Du kan f\u00f8lge linket ovenfor og finde frem til din favorittjeneste. <\/span><\/p>\n<p><span style=\"font-family: inherit; font-size: inherit; font-style: inherit; font-variant-ligatures: inherit; font-variant-caps: inherit; font-weight: inherit;\">Du kan ogs\u00e5 anskaffe dig et eksemplar af den fysiske CD ved <\/span><strong><a style=\"font-family: inherit; font-size: inherit; font-style: inherit; font-variant-ligatures: inherit; font-variant-caps: inherit; font-weight: inherit;\" href=\"https:\/\/martintusgaard.lnk.to\/droemmesvinger\/cd\">at f\u00f8lge linket her til Gateways webshop!<\/a><\/strong><\/p>\n<p>Der blev afholdt en lille koncert p\u00e5 Caf\u00e9 Globen d. 31. januar, hvor jeg sammen med Niels-Bo Vogensen og Martin Bomholt med succes spillede alle de nye numre fra albummet plus lidt ekstra fra tidligere udgivelser. Konceptet var ret minimalistisk; det var Niels-Bo p\u00e5 violin og Martin Bomholt p\u00e5 guitar, mandolin og Cajon. Det fungerede rigtigt fint, s\u00e5 vi planl\u00e6gger at afholde flere koncerter i de kommende m\u00e5neder, s\u00e5 hold \u00f8je med koncertkalenderen her p\u00e5 siden og p\u00e5 Facebook og Instagram.<\/p>\n<p>De to singler til albummet var titelnummeret &#8220;Dr\u00f8mmesvinger&#8221; og &#8220;Mine dr\u00f8mmes ocean&#8221;, som man kan se nedenfor, udkom d. 2 og d. 16 januar. Man kan l\u00e6se meget mere om albummet og sangteksterne under fanen nyheder, og hvis man gerne vil l\u00e6se teksterne fra det nye album, man man l\u00e6se dem alle under fanen lyrik.<\/p>\n<p>Er man interesseret i at booke mig til en koncert, s\u00e5 skal man v\u00e6re velkommen til at kontakte mig via fanen kontakt. God forn\u00f8jelse med musikken og lyrikken!<\/p>\n<p>Martin Tusgaard[\/vc_column_text]<div class=\"grve-empty-space grve-height-1x\" style=\"\"><\/div>[\/vc_column_inner][\/vc_row_inner][vc_row_inner][vc_column_inner width=&#8221;1\/2&#8243;]<div class=\"grve-element grve-image grve-align-left grve-full-image grve-image-space-100\" style=\"\">  <div class=\"grve-image-wrapper\"><img loading=\"lazy\" decoding=\"async\" width=\"300\" height=\"300\" src=\"https:\/\/tusgaard.dk\/wp-content\/uploads\/2025\/12\/Endelig-Droemmesvinger-brun-uden-skygge-300x300.jpg\" class=\"attachment-medium size-medium\" alt=\"\" srcset=\"https:\/\/tusgaard.dk\/wp-content\/uploads\/2025\/12\/Endelig-Droemmesvinger-brun-uden-skygge-300x300.jpg 300w, https:\/\/tusgaard.dk\/wp-content\/uploads\/2025\/12\/Endelig-Droemmesvinger-brun-uden-skygge-1024x1024.jpg 1024w, https:\/\/tusgaard.dk\/wp-content\/uploads\/2025\/12\/Endelig-Droemmesvinger-brun-uden-skygge-150x150.jpg 150w, https:\/\/tusgaard.dk\/wp-content\/uploads\/2025\/12\/Endelig-Droemmesvinger-brun-uden-skygge-768x768.jpg 768w, https:\/\/tusgaard.dk\/wp-content\/uploads\/2025\/12\/Endelig-Droemmesvinger-brun-uden-skygge-1536x1536.jpg 1536w, https:\/\/tusgaard.dk\/wp-content\/uploads\/2025\/12\/Endelig-Droemmesvinger-brun-uden-skygge-560x560.jpg 560w, https:\/\/tusgaard.dk\/wp-content\/uploads\/2025\/12\/Endelig-Droemmesvinger-brun-uden-skygge-900x900.jpg 900w, https:\/\/tusgaard.dk\/wp-content\/uploads\/2025\/12\/Endelig-Droemmesvinger-brun-uden-skygge-1920x1920.jpg 1920w\" sizes=\"auto, (max-width: 300px) 100vw, 300px\" \/>   <\/div><\/div><div class=\"grve-element grve-align-center\"><a href=\"https:\/\/martintusgaard.lnk.to\/droemmesvinger\" class=\"grve-btn grve-btn-medium grve-square grve-bg-primary-1 grve-bg-hover-black\"><span>Lyt nu<\/span><\/a><\/div>[\/vc_column_inner][vc_column_inner width=&#8221;1\/2&#8243;]<div class=\"grve-element grve-image grve-align-left grve-full-image grve-image-space-100\" style=\"\">  <div class=\"grve-image-wrapper\"><img loading=\"lazy\" decoding=\"async\" width=\"300\" height=\"300\" src=\"https:\/\/tusgaard.dk\/wp-content\/uploads\/2025\/12\/Endelig-mine-droemmes-ocean-roed-uden-skygge-1-1-300x300.jpg\" class=\"attachment-medium size-medium\" alt=\"\" srcset=\"https:\/\/tusgaard.dk\/wp-content\/uploads\/2025\/12\/Endelig-mine-droemmes-ocean-roed-uden-skygge-1-1-300x300.jpg 300w, https:\/\/tusgaard.dk\/wp-content\/uploads\/2025\/12\/Endelig-mine-droemmes-ocean-roed-uden-skygge-1-1-1024x1024.jpg 1024w, https:\/\/tusgaard.dk\/wp-content\/uploads\/2025\/12\/Endelig-mine-droemmes-ocean-roed-uden-skygge-1-1-150x150.jpg 150w, https:\/\/tusgaard.dk\/wp-content\/uploads\/2025\/12\/Endelig-mine-droemmes-ocean-roed-uden-skygge-1-1-768x768.jpg 768w, https:\/\/tusgaard.dk\/wp-content\/uploads\/2025\/12\/Endelig-mine-droemmes-ocean-roed-uden-skygge-1-1-1536x1536.jpg 1536w, https:\/\/tusgaard.dk\/wp-content\/uploads\/2025\/12\/Endelig-mine-droemmes-ocean-roed-uden-skygge-1-1-560x560.jpg 560w, https:\/\/tusgaard.dk\/wp-content\/uploads\/2025\/12\/Endelig-mine-droemmes-ocean-roed-uden-skygge-1-1-900x900.jpg 900w, https:\/\/tusgaard.dk\/wp-content\/uploads\/2025\/12\/Endelig-mine-droemmes-ocean-roed-uden-skygge-1-1-1920x1920.jpg 1920w\" sizes=\"auto, (max-width: 300px) 100vw, 300px\" \/>   <\/div><\/div><div class=\"grve-element grve-align-center\"><a href=\"https:\/\/martintusgaard.lnk.to\/droemmesvinger\" class=\"grve-btn grve-btn-medium grve-square grve-bg-primary-1 grve-bg-hover-black\"><span>Lyt ny<\/span><\/a><\/div>[\/vc_column_inner][\/vc_row_inner][\/vc_column][vc_column width=&#8221;1\/2&#8243;][vc_row_inner][vc_column_inner]<div class=\"grve-element grve-image grve-align-left grve-full-image grve-image-space-100\" style=\"\">  <div class=\"grve-image-wrapper\"><img loading=\"lazy\" decoding=\"async\" width=\"300\" height=\"300\" src=\"https:\/\/tusgaard.dk\/wp-content\/uploads\/2025\/12\/DSC_1090_04-droemmesvinger11-hvid-300x300.jpeg\" class=\"attachment-medium size-medium\" alt=\"\" srcset=\"https:\/\/tusgaard.dk\/wp-content\/uploads\/2025\/12\/DSC_1090_04-droemmesvinger11-hvid-300x300.jpeg 300w, https:\/\/tusgaard.dk\/wp-content\/uploads\/2025\/12\/DSC_1090_04-droemmesvinger11-hvid-1024x1024.jpeg 1024w, https:\/\/tusgaard.dk\/wp-content\/uploads\/2025\/12\/DSC_1090_04-droemmesvinger11-hvid-150x150.jpeg 150w, https:\/\/tusgaard.dk\/wp-content\/uploads\/2025\/12\/DSC_1090_04-droemmesvinger11-hvid-768x768.jpeg 768w, https:\/\/tusgaard.dk\/wp-content\/uploads\/2025\/12\/DSC_1090_04-droemmesvinger11-hvid-1536x1536.jpeg 1536w, https:\/\/tusgaard.dk\/wp-content\/uploads\/2025\/12\/DSC_1090_04-droemmesvinger11-hvid-560x560.jpeg 560w, https:\/\/tusgaard.dk\/wp-content\/uploads\/2025\/12\/DSC_1090_04-droemmesvinger11-hvid-900x900.jpeg 900w, https:\/\/tusgaard.dk\/wp-content\/uploads\/2025\/12\/DSC_1090_04-droemmesvinger11-hvid-1920x1920.jpeg 1920w\" sizes=\"auto, (max-width: 300px) 100vw, 300px\" \/>   <\/div><\/div><div class=\"grve-element grve-align-center\"><a href=\"https:\/\/martintusgaard.lnk.to\/droemmesvinger\" class=\"grve-btn grve-btn-medium grve-square grve-bg-primary-1 grve-bg-hover-black\"><span>K\u00f8b cd\/stream musik<\/span><\/a><\/div>[\/vc_column_inner][\/vc_row_inner]<div class=\"grve-empty-space grve-height-1x\" style=\"\"><\/div>[\/vc_column][\/vc_row][vc_row bg_type=&#8221;image&#8221; bg_image=&#8221;135&#8243; color_overlay=&#8221;dark&#8221; opacity_overlay=&#8221;70&#8243; padding_top_multiplier=&#8221;4x&#8221; padding_bottom_multiplier=&#8221;4x&#8221;][vc_column width=&#8221;1\/3&#8243;]<h1 class=\"grve-element grve-title grve-align-left grve-h2\" style=\"\"><span>Martin Tusgaard<\/span><\/h1>[vc_column_text]Denne hjemmeside er mit vindue udadtil. Her kan du finde, hvad du m\u00e5tte have interesse i at vide om mig, og du kan kontakte mig og booke mig til arrangementer. Der er links til YouTube klip med liveoptr\u00e6dener og studieoptagelser. \u00a0Jeg spiller solojobs, duo- &amp; triojobs med akustisk set-up, og der er ogs\u00e5 mulighed for at booke mig med band. Jeg spiller b\u00e5de egne numre, men ogs\u00e5 kopimusik og her sp\u00e6nder genrerne vidt lige fra amerikansk, engelsk, irsk, dansk folk rock &amp; klassikere.[\/vc_column_text]<div class=\"grve-empty-space grve-height-1x\" style=\"\"><\/div><div class=\"grve-element grve-align-center\"><a href=\"https:\/\/tusgaard.dk\/?page_id=25\" title=\"Kontakt\" class=\"grve-btn grve-btn-large grve-round grve-bg-primary-1 grve-bg-hover-primary-2\"><span>Kontakt<\/span><\/a><\/div>[\/vc_column][vc_column width=&#8221;1\/3&#8243;][\/vc_column][vc_column width=&#8221;1\/3&#8243;][\/vc_column][\/vc_row]<\/p>\n","protected":false},"excerpt":{"rendered":"<p>[vc_row bg_type=&#8221;image&#8221; bg_image=&#8221;12&#8243; color_overlay=&#8221;dark&#8221; opacity_overlay=&#8221;70&#8243; padding_top_multiplier=&#8221;4x&#8221; padding_bottom_multiplier=&#8221;4x&#8221; columns_gap=&#8221;60&#8243;][vc_column css=&#8221;.vc_custom_1659520058091{margin-top: -100px !important;border-top-width: -100px !important;padding-top: -100px !important;}&#8221;][\/vc_column][vc_column width=&#8221;1\/2&#8243;][vc_row_inner][vc_column_inner][vc_column_text] Nyt album januar 2026 D. 30. januar 2026 udkom mit andet album Dr\u00f8mmesvinger p\u00e5 diverse streamingtjenester. Du kan f\u00f8lge linket ovenfor og finde frem til din favorittjeneste. Du kan ogs\u00e5 anskaffe dig et eksemplar af den fysiske CD ved [&hellip;]<\/p>\n","protected":false},"author":1,"featured_media":0,"parent":0,"menu_order":0,"comment_status":"closed","ping_status":"closed","template":"","meta":{"footnotes":""},"class_list":["post-9","page","type-page","status-publish","hentry"],"_links":{"self":[{"href":"https:\/\/tusgaard.dk\/index.php?rest_route=\/wp\/v2\/pages\/9","targetHints":{"allow":["GET"]}}],"collection":[{"href":"https:\/\/tusgaard.dk\/index.php?rest_route=\/wp\/v2\/pages"}],"about":[{"href":"https:\/\/tusgaard.dk\/index.php?rest_route=\/wp\/v2\/types\/page"}],"author":[{"embeddable":true,"href":"https:\/\/tusgaard.dk\/index.php?rest_route=\/wp\/v2\/users\/1"}],"replies":[{"embeddable":true,"href":"https:\/\/tusgaard.dk\/index.php?rest_route=%2Fwp%2Fv2%2Fcomments&post=9"}],"version-history":[{"count":150,"href":"https:\/\/tusgaard.dk\/index.php?rest_route=\/wp\/v2\/pages\/9\/revisions"}],"predecessor-version":[{"id":2545,"href":"https:\/\/tusgaard.dk\/index.php?rest_route=\/wp\/v2\/pages\/9\/revisions\/2545"}],"wp:attachment":[{"href":"https:\/\/tusgaard.dk\/index.php?rest_route=%2Fwp%2Fv2%2Fmedia&parent=9"}],"curies":[{"name":"wp","href":"https:\/\/api.w.org\/{rel}","templated":true}]}}